{"id":3,"date":"2025-11-11T10:58:11","date_gmt":"2025-11-11T10:58:11","guid":{"rendered":"https:\/\/www.coppersteel.com.ar\/?page_id=3"},"modified":"2025-12-05T17:31:09","modified_gmt":"2025-12-05T20:31:09","slug":"politica-de-privacidad","status":"publish","type":"page","link":"https:\/\/www.coppersteel.com.ar\/en\/politica-de-privacidad\/","title":{"rendered":"Privacy Policy"},"content":{"rendered":"<p>Your privacy is guaranteed at www.coppersteel.com.ar. If you subscribe to any newsletter or bulletin on this site, you will receive information about any topic or development that may benefit you.<\/p>\n\n\n\n<p>Google displays our ads on websites and uses cookies to show ads based on users' previous visits to our website. You can opt out of Google's use of cookies by visiting the&nbsp;<a href=\"http:\/\/www.google.com\/privacy_ads.html\">p\u00e1gina de desuscripci\u00f3n de Google<\/a>.<\/p>\n\n\n\n<p>This website does not collect personal information about you without your knowledge. Server log files are maintained for the sole purpose of administering this site. They are not used for any other purpose. These files include user statistics, IP addresses (to identify geographic locations), user behavior (such as requested files), referring URLs, time spent on each page, browsers used, operating systems, and screen resolutions.<\/p>\n\n\n\n<p>Our email address lists are and will remain completely confidential. They are not and will not be sold, rented, or shared with anyone. You will be removed from the lists upon request, no questions asked.<\/p>\n\n\n\n<p>This site contains numerous links to other websites, but we are not responsible for, nor do we have control over, the security policies of those sites. We recommend exercising discretion. If you receive unsolicited information about this website or its offers from an unknown address, please inform us of the abuse so that we can take appropriate action.<\/p>\n\n\n\n<p>In addition, this site uses several third-party services to perform various functions. Great care has been taken in their selection. However, if you receive any unsolicited emails as a result of using these services, please report them immediately so they can be discontinued.<\/p>\n\n\n\n<h3 class=\"wp-block-heading\">To unsubscribe or modify contact details<\/h3>\n\n\n\n<p>Users have the option to easily unsubscribe from future communications from this site, modify the information they have provided, or be completely removed from the databases. This can be done in one of the following ways:<\/p>\n\n\n\n<p>Online: Directamente haciendo click en el link de desuscripci\u00f3n que aparece al final de cada e-mail.<br>Email: Contact technical support at info@coppersteel.com.ar<\/p>\n\n\n\n<h3 class=\"wp-block-heading\">Children's Privacy<\/h3>\n\n\n\n<p>We do not knowingly collect personal information from children under 14. If we ever become aware that we possess personal information of children under 14, it will be immediately deleted from our databases. We recommend that parents teach their children not to give out personal information without the direct supervision of a parent or guardian.<\/p>\n\n\n\n<h3 class=\"wp-block-heading\">Limitation of Liability<\/h3>\n\n\n\n<p>This website accepts compensation for various types of advertising and promotion, but the opinions expressed on the site are those of the owner. If we appear as experts on certain topics, products, or services, we only recommend products and\/or services that, based on our experience, warrant such a recommendation.<\/p>\n\n\n\n<p>Any statements, statistics, quotes, or representations regarding products and\/or services should be verified with the manufacturers and\/or suppliers. This site does not contain any content that could represent a conflict of interest.<\/p>","protected":false},"excerpt":{"rendered":"<p>En el sitio www.coppersteel.com.ar su privacidad est\u00e1 asegurada. Si usted suscribe a alg\u00fan newsletter o bolet\u00edn informativo en este sitio le ser\u00e1 enviada informaci\u00f3n sobre cualquier tema o desarrollo que pueda beneficiarlo. Google muestra anuncios nuestros en sitos de internet, y utiliza cookies para mostrar anuncios en base a visitas previas de los usuarios a [&hellip;]<\/p>","protected":false},"author":1,"featured_media":0,"parent":0,"menu_order":0,"comment_status":"closed","ping_status":"closed","template":"","meta":{"footnotes":""},"class_list":["post-3","page","type-page","status-publish","hentry"],"yoast_head":"<!-- This site is optimized with the Yoast SEO plugin v26.6 - https:\/\/yoast.com\/wordpress\/plugins\/seo\/ -->\n<title>Pol\u00edtica de privacidad - Copper Steel<\/title>\n<meta name=\"robots\" content=\"index, follow, max-snippet:-1, max-image-preview:large, max-video-preview:-1\" \/>\n<link rel=\"canonical\" href=\"https:\/\/www.coppersteel.com.ar\/en\/politica-de-privacidad\/\" \/>\n<meta property=\"og:locale\" content=\"en_US\" \/>\n<meta property=\"og:type\" content=\"article\" \/>\n<meta property=\"og:title\" content=\"Pol\u00edtica de privacidad - Copper Steel\" \/>\n<meta property=\"og:description\" content=\"En el sitio www.coppersteel.com.ar su privacidad est\u00e1 asegurada. Si usted suscribe a alg\u00fan newsletter o bolet\u00edn informativo en este sitio le ser\u00e1 enviada informaci\u00f3n sobre cualquier tema o desarrollo que pueda beneficiarlo. Google muestra anuncios nuestros en sitos de internet, y utiliza cookies para mostrar anuncios en base a visitas previas de los usuarios a [&hellip;]\" \/>\n<meta property=\"og:url\" content=\"https:\/\/www.coppersteel.com.ar\/en\/politica-de-privacidad\/\" \/>\n<meta property=\"og:site_name\" content=\"Copper Steel\" \/>\n<meta property=\"article:modified_time\" content=\"2025-12-05T20:31:09+00:00\" \/>\n<meta name=\"twitter:card\" content=\"summary_large_image\" \/>\n<meta name=\"twitter:label1\" content=\"Est. reading time\" \/>\n\t<meta name=\"twitter:data1\" content=\"3 minutes\" \/>\n<script type=\"application\/ld+json\" class=\"yoast-schema-graph\">{\"@context\":\"https:\/\/schema.org\",\"@graph\":[{\"@type\":\"WebPage\",\"@id\":\"https:\/\/www.coppersteel.com.ar\/politica-de-privacidad\/\",\"url\":\"https:\/\/www.coppersteel.com.ar\/politica-de-privacidad\/\",\"name\":\"Pol\u00edtica de privacidad - Copper Steel\",\"isPartOf\":{\"@id\":\"https:\/\/www.coppersteel.com.ar\/#website\"},\"datePublished\":\"2025-11-11T10:58:11+00:00\",\"dateModified\":\"2025-12-05T20:31:09+00:00\",\"breadcrumb\":{\"@id\":\"https:\/\/www.coppersteel.com.ar\/politica-de-privacidad\/#breadcrumb\"},\"inLanguage\":\"en-US\",\"potentialAction\":[{\"@type\":\"ReadAction\",\"target\":[\"https:\/\/www.coppersteel.com.ar\/politica-de-privacidad\/\"]}]},{\"@type\":\"BreadcrumbList\",\"@id\":\"https:\/\/www.coppersteel.com.ar\/politica-de-privacidad\/#breadcrumb\",\"itemListElement\":[{\"@type\":\"ListItem\",\"position\":1,\"name\":\"Portada\",\"item\":\"https:\/\/www.coppersteel.com.ar\/\"},{\"@type\":\"ListItem\",\"position\":2,\"name\":\"Pol\u00edtica de privacidad\"}]},{\"@type\":\"WebSite\",\"@id\":\"https:\/\/www.coppersteel.com.ar\/#website\",\"url\":\"https:\/\/www.coppersteel.com.ar\/\",\"name\":\"Copper Steel\",\"description\":\"Soluciones de puesta a tierra\",\"publisher\":{\"@id\":\"https:\/\/www.coppersteel.com.ar\/#organization\"},\"potentialAction\":[{\"@type\":\"SearchAction\",\"target\":{\"@type\":\"EntryPoint\",\"urlTemplate\":\"https:\/\/www.coppersteel.com.ar\/?s={search_term_string}\"},\"query-input\":{\"@type\":\"PropertyValueSpecification\",\"valueRequired\":true,\"valueName\":\"search_term_string\"}}],\"inLanguage\":\"en-US\"},{\"@type\":\"Organization\",\"@id\":\"https:\/\/www.coppersteel.com.ar\/#organization\",\"name\":\"Copper Steel\",\"url\":\"https:\/\/www.coppersteel.com.ar\/\",\"logo\":{\"@type\":\"ImageObject\",\"inLanguage\":\"en-US\",\"@id\":\"https:\/\/www.coppersteel.com.ar\/#\/schema\/logo\/image\/\",\"url\":\"https:\/\/www.coppersteel.com.ar\/wp-content\/uploads\/logo-cs-bw.png\",\"contentUrl\":\"https:\/\/www.coppersteel.com.ar\/wp-content\/uploads\/logo-cs-bw.png\",\"width\":700,\"height\":326,\"caption\":\"Copper Steel\"},\"image\":{\"@id\":\"https:\/\/www.coppersteel.com.ar\/#\/schema\/logo\/image\/\"}}]}<\/script>\n<!-- \/ Yoast SEO plugin. -->","yoast_head_json":{"title":"Pol\u00edtica de privacidad - Copper Steel","robots":{"index":"index","follow":"follow","max-snippet":"max-snippet:-1","max-image-preview":"max-image-preview:large","max-video-preview":"max-video-preview:-1"},"canonical":"https:\/\/www.coppersteel.com.ar\/en\/politica-de-privacidad\/","og_locale":"en_US","og_type":"article","og_title":"Pol\u00edtica de privacidad - Copper Steel","og_description":"En el sitio www.coppersteel.com.ar su privacidad est\u00e1 asegurada. Si usted suscribe a alg\u00fan newsletter o bolet\u00edn informativo en este sitio le ser\u00e1 enviada informaci\u00f3n sobre cualquier tema o desarrollo que pueda beneficiarlo. Google muestra anuncios nuestros en sitos de internet, y utiliza cookies para mostrar anuncios en base a visitas previas de los usuarios a [&hellip;]","og_url":"https:\/\/www.coppersteel.com.ar\/en\/politica-de-privacidad\/","og_site_name":"Copper Steel","article_modified_time":"2025-12-05T20:31:09+00:00","twitter_card":"summary_large_image","twitter_misc":{"Est. reading time":"3 minutes"},"schema":{"@context":"https:\/\/schema.org","@graph":[{"@type":"WebPage","@id":"https:\/\/www.coppersteel.com.ar\/politica-de-privacidad\/","url":"https:\/\/www.coppersteel.com.ar\/politica-de-privacidad\/","name":"Pol\u00edtica de privacidad - Copper Steel","isPartOf":{"@id":"https:\/\/www.coppersteel.com.ar\/#website"},"datePublished":"2025-11-11T10:58:11+00:00","dateModified":"2025-12-05T20:31:09+00:00","breadcrumb":{"@id":"https:\/\/www.coppersteel.com.ar\/politica-de-privacidad\/#breadcrumb"},"inLanguage":"en-US","potentialAction":[{"@type":"ReadAction","target":["https:\/\/www.coppersteel.com.ar\/politica-de-privacidad\/"]}]},{"@type":"BreadcrumbList","@id":"https:\/\/www.coppersteel.com.ar\/politica-de-privacidad\/#breadcrumb","itemListElement":[{"@type":"ListItem","position":1,"name":"Portada","item":"https:\/\/www.coppersteel.com.ar\/"},{"@type":"ListItem","position":2,"name":"Pol\u00edtica de privacidad"}]},{"@type":"WebSite","@id":"https:\/\/www.coppersteel.com.ar\/#website","url":"https:\/\/www.coppersteel.com.ar\/","name":"Copper Steel","description":"Grounding solutions","publisher":{"@id":"https:\/\/www.coppersteel.com.ar\/#organization"},"potentialAction":[{"@type":"SearchAction","target":{"@type":"EntryPoint","urlTemplate":"https:\/\/www.coppersteel.com.ar\/?s={search_term_string}"},"query-input":{"@type":"PropertyValueSpecification","valueRequired":true,"valueName":"search_term_string"}}],"inLanguage":"en-US"},{"@type":"Organization","@id":"https:\/\/www.coppersteel.com.ar\/#organization","name":"Copper Steel","url":"https:\/\/www.coppersteel.com.ar\/","logo":{"@type":"ImageObject","inLanguage":"en-US","@id":"https:\/\/www.coppersteel.com.ar\/#\/schema\/logo\/image\/","url":"https:\/\/www.coppersteel.com.ar\/wp-content\/uploads\/logo-cs-bw.png","contentUrl":"https:\/\/www.coppersteel.com.ar\/wp-content\/uploads\/logo-cs-bw.png","width":700,"height":326,"caption":"Copper Steel"},"image":{"@id":"https:\/\/www.coppersteel.com.ar\/#\/schema\/logo\/image\/"}}]}},"_links":{"self":[{"href":"https:\/\/www.coppersteel.com.ar\/en\/wp-json\/wp\/v2\/pages\/3","targetHints":{"allow":["GET"]}}],"collection":[{"href":"https:\/\/www.coppersteel.com.ar\/en\/wp-json\/wp\/v2\/pages"}],"about":[{"href":"https:\/\/www.coppersteel.com.ar\/en\/wp-json\/wp\/v2\/types\/page"}],"author":[{"embeddable":true,"href":"https:\/\/www.coppersteel.com.ar\/en\/wp-json\/wp\/v2\/users\/1"}],"replies":[{"embeddable":true,"href":"https:\/\/www.coppersteel.com.ar\/en\/wp-json\/wp\/v2\/comments?post=3"}],"version-history":[{"count":2,"href":"https:\/\/www.coppersteel.com.ar\/en\/wp-json\/wp\/v2\/pages\/3\/revisions"}],"predecessor-version":[{"id":126,"href":"https:\/\/www.coppersteel.com.ar\/en\/wp-json\/wp\/v2\/pages\/3\/revisions\/126"}],"wp:attachment":[{"href":"https:\/\/www.coppersteel.com.ar\/en\/wp-json\/wp\/v2\/media?parent=3"}],"curies":[{"name":"wp","href":"https:\/\/api.w.org\/{rel}","templated":true}]}}